{"id":20,"date":"2011-02-24T13:15:41","date_gmt":"2011-02-24T13:15:41","guid":{"rendered":"http:\/\/www.margarete-gebbers.de\/wordpress\/?page_id=20"},"modified":"2026-04-08T08:04:32","modified_gmt":"2026-04-08T06:04:32","slug":"margarete-gebbers","status":"publish","type":"page","link":"https:\/\/www.margarete-gebbers.de\/?page_id=20","title":{"rendered":"Margarete Gebbers"},"content":{"rendered":"\n<figure class=\"wp-block-image size-large is-resized\"><a href=\"https:\/\/www.margarete-gebbers.de\/wp-content\/uploads\/2025\/12\/Startbild-1.jpg\" rel=\"lightbox[20]\"><img loading=\"lazy\" decoding=\"async\" width=\"1024\" height=\"768\" src=\"https:\/\/www.margarete-gebbers.de\/wp-content\/uploads\/2025\/12\/Startbild-1-1024x768.jpg\" alt=\"\" class=\"wp-image-3146\" style=\"width:404px;height:auto\" srcset=\"https:\/\/www.margarete-gebbers.de\/wp-content\/uploads\/2025\/12\/Startbild-1-1024x768.jpg 1024w, https:\/\/www.margarete-gebbers.de\/wp-content\/uploads\/2025\/12\/Startbild-1-300x225.jpg 300w, https:\/\/www.margarete-gebbers.de\/wp-content\/uploads\/2025\/12\/Startbild-1-768x576.jpg 768w, https:\/\/www.margarete-gebbers.de\/wp-content\/uploads\/2025\/12\/Startbild-1-1536x1152.jpg 1536w, https:\/\/www.margarete-gebbers.de\/wp-content\/uploads\/2025\/12\/Startbild-1-2048x1536.jpg 2048w\" sizes=\"auto, (max-width: 1024px) 100vw, 1024px\" \/><\/a><\/figure>\n\n\n\n<p><\/p>\n\n\n\n<p><\/p>\n\n\n\n<p>wohnt und arbeitet in M\u00fcnster, manchmal auch an der Flensburger F\u00f6rde<\/p>\n\n\n\n<p><\/p>\n\n\n\n<ul class=\"wp-block-list\">\n<li>1952 geboren in Dortmund<\/li>\n\n\n\n<li>1972 Studium an der <a href=\"http:\/\/www.kunstakademie-muenster.de\/\" target=\"_blank\" rel=\"noreferrer noopener\">Kunstakademie M\u00fcnster<\/a> bei Udo Scheel und an der <a href=\"http:\/\/www.kunstakademie-duesseldorf.de\/\" target=\"_blank\" rel=\"noreferrer noopener\">Kunstakademie D\u00fcsseldorf<\/a> bei <a href=\"http:\/\/www.ko-g\u00f6tz.de\/index.html\" target=\"_blank\" rel=\"noreferrer noopener\">K. O. G\u00f6tz<\/a><\/li>\n\n\n\n<li>1976 Meistersch\u00fclerin bei <a href=\"http:\/\/www.ko-g\u00f6tz.de\/index.html\" target=\"_blank\" rel=\"noreferrer noopener\">K. O. G\u00f6tz<\/a><\/li>\n\n\n\n<li>1977 Staatsexamen<\/li>\n\n\n\n<li>verheiratet mit dem K\u00fcnstler <a href=\"https:\/\/ulrich-gebbers.de\/\">Ernst Ulrich Gebbers<\/a><\/li>\n\n\n\n<li><\/li>\n<\/ul>\n\n\n\n<p><\/p>\n\n\n\n<ul class=\"wp-block-list\">\n<li>AUSWAHL an Ausstellungen:<\/li>\n\n\n\n<li><\/li>\n\n\n\n<li>1979      K\u00fcnstler sehen M\u00fcnster, Stadthaus M\u00fcnster<\/li>\n\n\n\n<li>1981&nbsp;&nbsp;&nbsp; Galerie \u201cIm Haus\u201d, Halle\/ Westf.<\/li>\n\n\n\n<li>1982&nbsp;&nbsp;&nbsp; \u201cZeichnungen\u201d, Stadtarchiv M\u00fcnster<\/li>\n\n\n\n<li>1995&nbsp;&nbsp;&nbsp; \u201cZeichnungen \u201c Praxis Dr. med. Horst Sch\u00fcler, M\u00fcnster<\/li>\n\n\n\n<li>1995&nbsp;&nbsp;&nbsp; \u201eSpannungsfelder\u201c, Musikhochschule Detmold &#8211; Abteilung M\u00fcnster<\/li>\n\n\n\n<li>1997&nbsp;&nbsp;&nbsp; \u201eDer Faden der Ariadne\u201c, Akademie Franz Hitze Haus, M\u00fcnster, Katalog<\/li>\n\n\n\n<li>1999&nbsp;&nbsp;&nbsp; Labyrinth &#8211; Haus der Niederlande, M\u00fcnster<\/li>\n\n\n\n<li>2017&nbsp;&nbsp;&nbsp; Malerei und Zeichnung 2015 &#8211; 2017, KUNSTRAUM 3, Lengerich, Katalog<\/li>\n\n\n\n<li>2022&nbsp;&nbsp;&nbsp; 50 Jahre Papierarbeiten 1972 &#8211; 2022, M\u00fcnster<\/li>\n\n\n\n<li>2024 &nbsp;&nbsp; Stadtwerke M\u00fcnster<\/li>\n<\/ul>\n","protected":false},"excerpt":{"rendered":"<p>wohnt und arbeitet in M\u00fcnster, manchmal auch an der Flensburger F\u00f6rde<\/p>\n","protected":false},"author":1,"featured_media":0,"parent":0,"menu_order":8,"comment_status":"closed","ping_status":"closed","template":"","meta":{"ngg_post_thumbnail":0,"footnotes":""},"class_list":["post-20","page","type-page","status-publish","hentry"],"_links":{"self":[{"href":"https:\/\/www.margarete-gebbers.de\/index.php?rest_route=\/wp\/v2\/pages\/20","targetHints":{"allow":["GET"]}}],"collection":[{"href":"https:\/\/www.margarete-gebbers.de\/index.php?rest_route=\/wp\/v2\/pages"}],"about":[{"href":"https:\/\/www.margarete-gebbers.de\/index.php?rest_route=\/wp\/v2\/types\/page"}],"author":[{"embeddable":true,"href":"https:\/\/www.margarete-gebbers.de\/index.php?rest_route=\/wp\/v2\/users\/1"}],"replies":[{"embeddable":true,"href":"https:\/\/www.margarete-gebbers.de\/index.php?rest_route=%2Fwp%2Fv2%2Fcomments&post=20"}],"version-history":[{"count":125,"href":"https:\/\/www.margarete-gebbers.de\/index.php?rest_route=\/wp\/v2\/pages\/20\/revisions"}],"predecessor-version":[{"id":3184,"href":"https:\/\/www.margarete-gebbers.de\/index.php?rest_route=\/wp\/v2\/pages\/20\/revisions\/3184"}],"wp:attachment":[{"href":"https:\/\/www.margarete-gebbers.de\/index.php?rest_route=%2Fwp%2Fv2%2Fmedia&parent=20"}],"curies":[{"name":"wp","href":"https:\/\/api.w.org\/{rel}","templated":true}]}}